{"id":3,"date":"2023-01-25T12:32:10","date_gmt":"2023-01-25T12:32:10","guid":{"rendered":"http:\/\/parquetsytarimaskiko.com\/?page_id=3"},"modified":"2024-07-15T13:56:58","modified_gmt":"2024-07-15T13:56:58","slug":"politica-de-privacidad","status":"publish","type":"page","link":"https:\/\/parquetsytarimaskiko.com\/index.php\/politica-de-privacidad\/","title":{"rendered":"Pol\u00edtica de privacidad"},"content":{"rendered":"\t\t<div data-elementor-type=\"wp-page\" data-elementor-id=\"3\" class=\"elementor elementor-3\" data-elementor-post-type=\"page\">\n\t\t\t\t<div class=\"elementor-element elementor-element-79cfeeda e-flex e-con-boxed e-con e-parent\" data-id=\"79cfeeda\" data-element_type=\"container\">\n\t\t\t\t\t<div class=\"e-con-inner\">\n\t\t\t\t<div class=\"elementor-element elementor-element-eac29b0 elementor-widget elementor-widget-heading\" data-id=\"eac29b0\" data-element_type=\"widget\" data-widget_type=\"heading.default\">\n\t\t\t\t<div class=\"elementor-widget-container\">\n\t\t\t<style>\/*! elementor - v3.22.0 - 26-06-2024 *\/\n.elementor-heading-title{padding:0;margin:0;line-height:1}.elementor-widget-heading .elementor-heading-title[class*=elementor-size-]>a{color:inherit;font-size:inherit;line-height:inherit}.elementor-widget-heading .elementor-heading-title.elementor-size-small{font-size:15px}.elementor-widget-heading .elementor-heading-title.elementor-size-medium{font-size:19px}.elementor-widget-heading .elementor-heading-title.elementor-size-large{font-size:29px}.elementor-widget-heading .elementor-heading-title.elementor-size-xl{font-size:39px}.elementor-widget-heading .elementor-heading-title.elementor-size-xxl{font-size:59px}<\/style><h2 class=\"elementor-heading-title elementor-size-default\">pOL\u00cdTICA DE PRIVACIDAD<\/h2>\t\t<\/div>\n\t\t\t\t<\/div>\n\t\t\t\t<div class=\"elementor-element elementor-element-498fcdb7 elementor-widget elementor-widget-text-editor\" data-id=\"498fcdb7\" data-element_type=\"widget\" data-widget_type=\"text-editor.default\">\n\t\t\t\t<div class=\"elementor-widget-container\">\n\t\t\t<style>\/*! elementor - v3.22.0 - 26-06-2024 *\/\n.elementor-widget-text-editor.elementor-drop-cap-view-stacked .elementor-drop-cap{background-color:#69727d;color:#fff}.elementor-widget-text-editor.elementor-drop-cap-view-framed .elementor-drop-cap{color:#69727d;border:3px solid;background-color:transparent}.elementor-widget-text-editor:not(.elementor-drop-cap-view-default) .elementor-drop-cap{margin-top:8px}.elementor-widget-text-editor:not(.elementor-drop-cap-view-default) .elementor-drop-cap-letter{width:1em;height:1em}.elementor-widget-text-editor .elementor-drop-cap{float:left;text-align:center;line-height:1;font-size:50px}.elementor-widget-text-editor .elementor-drop-cap-letter{display:inline-block}<\/style>\t\t\t\t<p><!-- wp:heading --><\/p>\n<p><strong>Parquets y Tarimas Kiko<\/strong> se compromete a proteger su privacidad y garantizar el cumplimiento de la normativa vigente en materia de protecci\u00f3n de datos, en particular el Reglamento (UE) 2016\/679 del Parlamento Europeo y del Consejo, de 27 de abril de 2016 (RGPD), y la Ley Org\u00e1nica 3\/2018, de 5 de diciembre, de Protecci\u00f3n de Datos Personales y garant\u00eda de los derechos digitales (LOPDGDD).<\/p>\n<p><strong>Responsable del Tratamiento<\/strong><\/p>\n<p>Parquets y Tarimas Kiko<\/p>\n<p><span style=\"color: var( --e-global-color-text ); letter-spacing: 0px; word-spacing: 0em; text-align: var(--text-align); background-color: var( --e-global-color-05001e9 );\">670 97 57 57<\/span><\/p>\n<p><strong>Finalidad del Tratamiento<\/strong><\/p>\n<p>Los datos personales recabados a trav\u00e9s del formulario de contacto de nuestra p\u00e1gina web ser\u00e1n utilizados para gestionar y responder a las consultas y solicitudes de informaci\u00f3n realizadas por los usuarios, enviar comunicaciones comerciales sobre nuestros productos y servicios (siempre que se cuente con el consentimiento del usuario), y mejorar nuestros servicios y la experiencia del usuario en nuestra web.<\/p>\n<p><strong>Tipos de Datos Recabados<\/strong><\/p>\n<p>A trav\u00e9s del formulario de contacto, podemos recabar y tratar los siguientes datos personales: nombre y apellidos, direcci\u00f3n de correo electr\u00f3nico, n\u00famero de tel\u00e9fono (si se solicita), y el mensaje o consulta enviada por el usuario.<\/p>\n<p><strong>Legitimaci\u00f3n para el Tratamiento de Datos<\/strong><\/p>\n<p>El tratamiento de sus datos se basa en el consentimiento expl\u00edcito del interesado al enviar sus datos a trav\u00e9s del formulario de contacto y el inter\u00e9s leg\u00edtimo para gestionar y responder a las consultas y solicitudes de los usuarios.<\/p>\n<p><strong>Conservaci\u00f3n de los Datos<\/strong><\/p>\n<p>Los datos personales proporcionados se conservar\u00e1n durante el tiempo necesario para gestionar y responder a la consulta o solicitud realizada por el usuario. Posteriormente, se mantendr\u00e1n bloqueados durante los plazos legalmente establecidos para atender posibles responsabilidades.<\/p>\n<p><strong>Comunicaci\u00f3n de Datos a Terceros<\/strong><\/p>\n<p>No se ceder\u00e1n datos a terceros, salvo obligaci\u00f3n legal o que sea necesario para la prestaci\u00f3n del servicio solicitado. En caso de que se contraten servicios de terceros que impliquen el tratamiento de datos, se firmar\u00e1n los correspondientes contratos de encargado del tratamiento.<\/p>\n<p><strong>Derechos del Usuario<\/strong><\/p>\n<p>El usuario tiene derecho a acceder a sus datos personales, rectificar datos inexactos o incompletos, solicitar la supresi\u00f3n de sus datos cuando, entre otros motivos, los datos ya no sean necesarios para los fines que fueron recogidos, solicitar la limitaci\u00f3n del tratamiento de sus datos, oponerse al tratamiento de sus datos personales y solicitar la portabilidad de sus datos. Para ejercer estos derechos, puede enviar una solicitud por escrito a [Correo Electr\u00f3nico] adjuntando una copia de su DNI o documento identificativo similar.<\/p>\n<p><strong>Medidas de Seguridad<\/strong><\/p>\n<p>En <strong>Parquets y Tarimas Kiko<\/strong> adoptamos las medidas t\u00e9cnicas y organizativas necesarias para garantizar la seguridad de los datos personales y evitar su alteraci\u00f3n, p\u00e9rdida, tratamiento o acceso no autorizado.<\/p>\n<p><strong>Cambios en la Pol\u00edtica de Privacidad<\/strong><\/p>\n<p>Nos reservamos el derecho a modificar la presente pol\u00edtica de privacidad para adaptarla a novedades legislativas o jurisprudenciales, as\u00ed como a pr\u00e1cticas de la industria. En dichos supuestos, anunciaremos en esta p\u00e1gina los cambios introducidos con razonable antelaci\u00f3n a su puesta en pr\u00e1ctica.<\/p>\n<p><br><\/p>\n<p><br><\/p>\n<p><!-- \/wp:paragraph --><\/p>\t\t\t\t\t\t<\/div>\n\t\t\t\t<\/div>\n\t\t\t\t\t<\/div>\n\t\t\t\t<\/div>\n\t\t\t\t<\/div>\n\t\t","protected":false},"excerpt":{"rendered":"<p>pOL\u00cdTICA DE PRIVACIDAD Parquets y Tarimas Kiko se compromete a proteger su privacidad y garantizar el cumplimiento de la normativa vigente en materia de protecci\u00f3n de datos, en particular el Reglamento (UE) 2016\/679 del Parlamento Europeo y del Consejo, de 27 de abril de 2016 (RGPD), y la Ley Org\u00e1nica 3\/2018, de 5 de diciembre, [&hellip;]<\/p>\n","protected":false},"author":1,"featured_media":0,"parent":0,"menu_order":0,"comment_status":"closed","ping_status":"closed","template":"","meta":{"footnotes":""},"class_list":["post-3","page","type-page","status-publish","hentry"],"yoast_head":"<!-- This site is optimized with the Yoast SEO plugin v23.1 - https:\/\/yoast.com\/wordpress\/plugins\/seo\/ -->\n<title>Pol\u00edtica de privacidad - Parquets y Tarimas Kiko<\/title>\n<meta name=\"robots\" content=\"index, follow, max-snippet:-1, max-image-preview:large, max-video-preview:-1\" \/>\n<link rel=\"canonical\" href=\"https:\/\/parquetsytarimaskiko.com\/index.php\/politica-de-privacidad\/\" \/>\n<meta property=\"og:locale\" content=\"es_ES\" \/>\n<meta property=\"og:type\" content=\"article\" \/>\n<meta property=\"og:title\" content=\"Pol\u00edtica de privacidad - Parquets y Tarimas Kiko\" \/>\n<meta property=\"og:description\" content=\"pOL\u00cdTICA DE PRIVACIDAD Parquets y Tarimas Kiko se compromete a proteger su privacidad y garantizar el cumplimiento de la normativa vigente en materia de protecci\u00f3n de datos, en particular el Reglamento (UE) 2016\/679 del Parlamento Europeo y del Consejo, de 27 de abril de 2016 (RGPD), y la Ley Org\u00e1nica 3\/2018, de 5 de diciembre, [&hellip;]\" \/>\n<meta property=\"og:url\" content=\"https:\/\/parquetsytarimaskiko.com\/index.php\/politica-de-privacidad\/\" \/>\n<meta property=\"og:site_name\" content=\"Parquets y Tarimas Kiko\" \/>\n<meta property=\"article:modified_time\" content=\"2024-07-15T13:56:58+00:00\" \/>\n<meta name=\"twitter:card\" content=\"summary_large_image\" \/>\n<meta name=\"twitter:label1\" content=\"Tiempo de lectura\" \/>\n\t<meta name=\"twitter:data1\" content=\"3 minutos\" \/>\n<script type=\"application\/ld+json\" class=\"yoast-schema-graph\">{\"@context\":\"https:\/\/schema.org\",\"@graph\":[{\"@type\":\"WebPage\",\"@id\":\"https:\/\/parquetsytarimaskiko.com\/index.php\/politica-de-privacidad\/\",\"url\":\"https:\/\/parquetsytarimaskiko.com\/index.php\/politica-de-privacidad\/\",\"name\":\"Pol\u00edtica de privacidad - Parquets y Tarimas Kiko\",\"isPartOf\":{\"@id\":\"https:\/\/parquetsytarimaskiko.com\/#website\"},\"datePublished\":\"2023-01-25T12:32:10+00:00\",\"dateModified\":\"2024-07-15T13:56:58+00:00\",\"breadcrumb\":{\"@id\":\"https:\/\/parquetsytarimaskiko.com\/index.php\/politica-de-privacidad\/#breadcrumb\"},\"inLanguage\":\"es\",\"potentialAction\":[{\"@type\":\"ReadAction\",\"target\":[\"https:\/\/parquetsytarimaskiko.com\/index.php\/politica-de-privacidad\/\"]}]},{\"@type\":\"BreadcrumbList\",\"@id\":\"https:\/\/parquetsytarimaskiko.com\/index.php\/politica-de-privacidad\/#breadcrumb\",\"itemListElement\":[{\"@type\":\"ListItem\",\"position\":1,\"name\":\"Portada\",\"item\":\"https:\/\/parquetsytarimaskiko.com\/\"},{\"@type\":\"ListItem\",\"position\":2,\"name\":\"Pol\u00edtica de privacidad\"}]},{\"@type\":\"WebSite\",\"@id\":\"https:\/\/parquetsytarimaskiko.com\/#website\",\"url\":\"https:\/\/parquetsytarimaskiko.com\/\",\"name\":\"Parquets y Tarimas Kiko\",\"description\":\"\",\"publisher\":{\"@id\":\"https:\/\/parquetsytarimaskiko.com\/#organization\"},\"potentialAction\":[{\"@type\":\"SearchAction\",\"target\":{\"@type\":\"EntryPoint\",\"urlTemplate\":\"https:\/\/parquetsytarimaskiko.com\/?s={search_term_string}\"},\"query-input\":\"required name=search_term_string\"}],\"inLanguage\":\"es\"},{\"@type\":\"Organization\",\"@id\":\"https:\/\/parquetsytarimaskiko.com\/#organization\",\"name\":\"Parquets y Tarimas Kiko\",\"url\":\"https:\/\/parquetsytarimaskiko.com\/\",\"logo\":{\"@type\":\"ImageObject\",\"inLanguage\":\"es\",\"@id\":\"https:\/\/parquetsytarimaskiko.com\/#\/schema\/logo\/image\/\",\"url\":\"https:\/\/parquetsytarimaskiko.com\/wp-content\/uploads\/2024\/07\/Logo-basico.png\",\"contentUrl\":\"https:\/\/parquetsytarimaskiko.com\/wp-content\/uploads\/2024\/07\/Logo-basico.png\",\"width\":500,\"height\":500,\"caption\":\"Parquets y Tarimas Kiko\"},\"image\":{\"@id\":\"https:\/\/parquetsytarimaskiko.com\/#\/schema\/logo\/image\/\"}}]}<\/script>\n<!-- \/ Yoast SEO plugin. -->","yoast_head_json":{"title":"Pol\u00edtica de privacidad - Parquets y Tarimas Kiko","robots":{"index":"index","follow":"follow","max-snippet":"max-snippet:-1","max-image-preview":"max-image-preview:large","max-video-preview":"max-video-preview:-1"},"canonical":"https:\/\/parquetsytarimaskiko.com\/index.php\/politica-de-privacidad\/","og_locale":"es_ES","og_type":"article","og_title":"Pol\u00edtica de privacidad - Parquets y Tarimas Kiko","og_description":"pOL\u00cdTICA DE PRIVACIDAD Parquets y Tarimas Kiko se compromete a proteger su privacidad y garantizar el cumplimiento de la normativa vigente en materia de protecci\u00f3n de datos, en particular el Reglamento (UE) 2016\/679 del Parlamento Europeo y del Consejo, de 27 de abril de 2016 (RGPD), y la Ley Org\u00e1nica 3\/2018, de 5 de diciembre, [&hellip;]","og_url":"https:\/\/parquetsytarimaskiko.com\/index.php\/politica-de-privacidad\/","og_site_name":"Parquets y Tarimas Kiko","article_modified_time":"2024-07-15T13:56:58+00:00","twitter_card":"summary_large_image","twitter_misc":{"Tiempo de lectura":"3 minutos"},"schema":{"@context":"https:\/\/schema.org","@graph":[{"@type":"WebPage","@id":"https:\/\/parquetsytarimaskiko.com\/index.php\/politica-de-privacidad\/","url":"https:\/\/parquetsytarimaskiko.com\/index.php\/politica-de-privacidad\/","name":"Pol\u00edtica de privacidad - Parquets y Tarimas Kiko","isPartOf":{"@id":"https:\/\/parquetsytarimaskiko.com\/#website"},"datePublished":"2023-01-25T12:32:10+00:00","dateModified":"2024-07-15T13:56:58+00:00","breadcrumb":{"@id":"https:\/\/parquetsytarimaskiko.com\/index.php\/politica-de-privacidad\/#breadcrumb"},"inLanguage":"es","potentialAction":[{"@type":"ReadAction","target":["https:\/\/parquetsytarimaskiko.com\/index.php\/politica-de-privacidad\/"]}]},{"@type":"BreadcrumbList","@id":"https:\/\/parquetsytarimaskiko.com\/index.php\/politica-de-privacidad\/#breadcrumb","itemListElement":[{"@type":"ListItem","position":1,"name":"Portada","item":"https:\/\/parquetsytarimaskiko.com\/"},{"@type":"ListItem","position":2,"name":"Pol\u00edtica de privacidad"}]},{"@type":"WebSite","@id":"https:\/\/parquetsytarimaskiko.com\/#website","url":"https:\/\/parquetsytarimaskiko.com\/","name":"Parquets y Tarimas Kiko","description":"","publisher":{"@id":"https:\/\/parquetsytarimaskiko.com\/#organization"},"potentialAction":[{"@type":"SearchAction","target":{"@type":"EntryPoint","urlTemplate":"https:\/\/parquetsytarimaskiko.com\/?s={search_term_string}"},"query-input":"required name=search_term_string"}],"inLanguage":"es"},{"@type":"Organization","@id":"https:\/\/parquetsytarimaskiko.com\/#organization","name":"Parquets y Tarimas Kiko","url":"https:\/\/parquetsytarimaskiko.com\/","logo":{"@type":"ImageObject","inLanguage":"es","@id":"https:\/\/parquetsytarimaskiko.com\/#\/schema\/logo\/image\/","url":"https:\/\/parquetsytarimaskiko.com\/wp-content\/uploads\/2024\/07\/Logo-basico.png","contentUrl":"https:\/\/parquetsytarimaskiko.com\/wp-content\/uploads\/2024\/07\/Logo-basico.png","width":500,"height":500,"caption":"Parquets y Tarimas Kiko"},"image":{"@id":"https:\/\/parquetsytarimaskiko.com\/#\/schema\/logo\/image\/"}}]}},"_links":{"self":[{"href":"https:\/\/parquetsytarimaskiko.com\/index.php\/wp-json\/wp\/v2\/pages\/3","targetHints":{"allow":["GET"]}}],"collection":[{"href":"https:\/\/parquetsytarimaskiko.com\/index.php\/wp-json\/wp\/v2\/pages"}],"about":[{"href":"https:\/\/parquetsytarimaskiko.com\/index.php\/wp-json\/wp\/v2\/types\/page"}],"author":[{"embeddable":true,"href":"https:\/\/parquetsytarimaskiko.com\/index.php\/wp-json\/wp\/v2\/users\/1"}],"replies":[{"embeddable":true,"href":"https:\/\/parquetsytarimaskiko.com\/index.php\/wp-json\/wp\/v2\/comments?post=3"}],"version-history":[{"count":16,"href":"https:\/\/parquetsytarimaskiko.com\/index.php\/wp-json\/wp\/v2\/pages\/3\/revisions"}],"predecessor-version":[{"id":980,"href":"https:\/\/parquetsytarimaskiko.com\/index.php\/wp-json\/wp\/v2\/pages\/3\/revisions\/980"}],"wp:attachment":[{"href":"https:\/\/parquetsytarimaskiko.com\/index.php\/wp-json\/wp\/v2\/media?parent=3"}],"curies":[{"name":"wp","href":"https:\/\/api.w.org\/{rel}","templated":true}]}}