{"id":843,"date":"2024-07-08T17:48:27","date_gmt":"2024-07-08T17:48:27","guid":{"rendered":"https:\/\/parquetsytarimaskiko.com\/?page_id=843"},"modified":"2024-07-15T13:56:05","modified_gmt":"2024-07-15T13:56:05","slug":"quienes-somos","status":"publish","type":"page","link":"https:\/\/parquetsytarimaskiko.com\/index.php\/quienes-somos\/","title":{"rendered":"Quienes somos"},"content":{"rendered":"\t\t<div data-elementor-type=\"wp-page\" data-elementor-id=\"843\" class=\"elementor elementor-843\" data-elementor-post-type=\"page\">\n\t\t\t\t<div class=\"elementor-element elementor-element-9f80ccd e-flex e-con-boxed e-con e-parent\" data-id=\"9f80ccd\" data-element_type=\"container\">\n\t\t\t\t\t<div class=\"e-con-inner\">\n\t\t\t\t<div class=\"elementor-element elementor-element-6d34633 elementor-widget elementor-widget-heading\" data-id=\"6d34633\" data-element_type=\"widget\" data-widget_type=\"heading.default\">\n\t\t\t\t<div class=\"elementor-widget-container\">\n\t\t\t<style>\/*! elementor - v3.22.0 - 26-06-2024 *\/\n.elementor-heading-title{padding:0;margin:0;line-height:1}.elementor-widget-heading .elementor-heading-title[class*=elementor-size-]>a{color:inherit;font-size:inherit;line-height:inherit}.elementor-widget-heading .elementor-heading-title.elementor-size-small{font-size:15px}.elementor-widget-heading .elementor-heading-title.elementor-size-medium{font-size:19px}.elementor-widget-heading .elementor-heading-title.elementor-size-large{font-size:29px}.elementor-widget-heading .elementor-heading-title.elementor-size-xl{font-size:39px}.elementor-widget-heading .elementor-heading-title.elementor-size-xxl{font-size:59px}<\/style><h1 class=\"elementor-heading-title elementor-size-default\">\u00bfQUI\u00c9NES SOMOS?<\/h1>\t\t<\/div>\n\t\t\t\t<\/div>\n\t\t\t\t<div class=\"elementor-element elementor-element-e533c63 elementor-widget elementor-widget-text-editor\" data-id=\"e533c63\" data-element_type=\"widget\" data-widget_type=\"text-editor.default\">\n\t\t\t\t<div class=\"elementor-widget-container\">\n\t\t\t<style>\/*! elementor - v3.22.0 - 26-06-2024 *\/\n.elementor-widget-text-editor.elementor-drop-cap-view-stacked .elementor-drop-cap{background-color:#69727d;color:#fff}.elementor-widget-text-editor.elementor-drop-cap-view-framed .elementor-drop-cap{color:#69727d;border:3px solid;background-color:transparent}.elementor-widget-text-editor:not(.elementor-drop-cap-view-default) .elementor-drop-cap{margin-top:8px}.elementor-widget-text-editor:not(.elementor-drop-cap-view-default) .elementor-drop-cap-letter{width:1em;height:1em}.elementor-widget-text-editor .elementor-drop-cap{float:left;text-align:center;line-height:1;font-size:50px}.elementor-widget-text-editor .elementor-drop-cap-letter{display:inline-block}<\/style>\t\t\t\t<p>Bienvenidos a <strong>Parquets y Tarimas Kiko<\/strong>, una empresa con <strong>37 a\u00f1os de experiencia<\/strong> en la transformaci\u00f3n y embellecimiento de espacios a trav\u00e9s de suelos de madera de alta calidad. Desde nuestros inicios, nos hemos dedicado a ofrecer soluciones personalizadas y de excelencia, adapt\u00e1ndonos a las necesidades y deseos de cada cliente.<\/p><p>A lo largo de estos a\u00f1os, hemos llevado a cabo <strong>m\u00e1s de 6000 proyectos<\/strong>, gan\u00e1ndonos la confianza y satisfacci\u00f3n de nuestros clientes. Nuestra trayectoria est\u00e1 respaldada por un equipo de profesionales altamente capacitados que combinan t\u00e9cnicas tradicionales con innovaciones modernas para garantizar acabados impecables y duraderos.<\/p><p>En <strong>Parquets y Tarimas Kiko<\/strong>, creemos que un suelo de madera no es solo una elecci\u00f3n est\u00e9tica, sino tambi\u00e9n una inversi\u00f3n en confort y durabilidad. Nos especializamos en la instalaci\u00f3n, restauraci\u00f3n y mantenimiento de tarimas y parquets, tanto en interiores como en exteriores, proporcionando resultados que destacan por su belleza y resistencia.<\/p><p>Nuestra misi\u00f3n es seguir ofreciendo productos y servicios de la m\u00e1s alta calidad, manteniendo un compromiso firme con la satisfacci\u00f3n del cliente y el respeto por el medio ambiente. Gracias a nuestro enfoque en la excelencia y la atenci\u00f3n al detalle, hemos consolidado nuestra reputaci\u00f3n como l\u00edderes en el sector.<\/p>\t\t\t\t\t\t<\/div>\n\t\t\t\t<\/div>\n\t\t\t\t\t<\/div>\n\t\t\t\t<\/div>\n\t\t\t\t<\/div>\n\t\t","protected":false},"excerpt":{"rendered":"<p>\u00bfQUI\u00c9NES SOMOS? Bienvenidos a Parquets y Tarimas Kiko, una empresa con 37 a\u00f1os de experiencia en la transformaci\u00f3n y embellecimiento de espacios a trav\u00e9s de suelos de madera de alta calidad. Desde nuestros inicios, nos hemos dedicado a ofrecer soluciones personalizadas y de excelencia, adapt\u00e1ndonos a las necesidades y deseos de cada cliente. A lo [&hellip;]<\/p>\n","protected":false},"author":1,"featured_media":0,"parent":0,"menu_order":0,"comment_status":"closed","ping_status":"closed","template":"","meta":{"footnotes":""},"class_list":["post-843","page","type-page","status-publish","hentry"],"yoast_head":"<!-- This site is optimized with the Yoast SEO plugin v23.1 - https:\/\/yoast.com\/wordpress\/plugins\/seo\/ -->\n<title>Quienes somos - Parquets y Tarimas Kiko<\/title>\n<meta name=\"robots\" content=\"index, follow, max-snippet:-1, max-image-preview:large, max-video-preview:-1\" \/>\n<link rel=\"canonical\" href=\"https:\/\/parquetsytarimaskiko.com\/index.php\/quienes-somos\/\" \/>\n<meta property=\"og:locale\" content=\"es_ES\" \/>\n<meta property=\"og:type\" content=\"article\" \/>\n<meta property=\"og:title\" content=\"Quienes somos - Parquets y Tarimas Kiko\" \/>\n<meta property=\"og:description\" content=\"\u00bfQUI\u00c9NES SOMOS? Bienvenidos a Parquets y Tarimas Kiko, una empresa con 37 a\u00f1os de experiencia en la transformaci\u00f3n y embellecimiento de espacios a trav\u00e9s de suelos de madera de alta calidad. Desde nuestros inicios, nos hemos dedicado a ofrecer soluciones personalizadas y de excelencia, adapt\u00e1ndonos a las necesidades y deseos de cada cliente. A lo [&hellip;]\" \/>\n<meta property=\"og:url\" content=\"https:\/\/parquetsytarimaskiko.com\/index.php\/quienes-somos\/\" \/>\n<meta property=\"og:site_name\" content=\"Parquets y Tarimas Kiko\" \/>\n<meta property=\"article:modified_time\" content=\"2024-07-15T13:56:05+00:00\" \/>\n<meta name=\"twitter:card\" content=\"summary_large_image\" \/>\n<meta name=\"twitter:label1\" content=\"Tiempo de lectura\" \/>\n\t<meta name=\"twitter:data1\" content=\"1 minuto\" \/>\n<script type=\"application\/ld+json\" class=\"yoast-schema-graph\">{\"@context\":\"https:\/\/schema.org\",\"@graph\":[{\"@type\":\"WebPage\",\"@id\":\"https:\/\/parquetsytarimaskiko.com\/index.php\/quienes-somos\/\",\"url\":\"https:\/\/parquetsytarimaskiko.com\/index.php\/quienes-somos\/\",\"name\":\"Quienes somos - Parquets y Tarimas Kiko\",\"isPartOf\":{\"@id\":\"https:\/\/parquetsytarimaskiko.com\/#website\"},\"datePublished\":\"2024-07-08T17:48:27+00:00\",\"dateModified\":\"2024-07-15T13:56:05+00:00\",\"breadcrumb\":{\"@id\":\"https:\/\/parquetsytarimaskiko.com\/index.php\/quienes-somos\/#breadcrumb\"},\"inLanguage\":\"es\",\"potentialAction\":[{\"@type\":\"ReadAction\",\"target\":[\"https:\/\/parquetsytarimaskiko.com\/index.php\/quienes-somos\/\"]}]},{\"@type\":\"BreadcrumbList\",\"@id\":\"https:\/\/parquetsytarimaskiko.com\/index.php\/quienes-somos\/#breadcrumb\",\"itemListElement\":[{\"@type\":\"ListItem\",\"position\":1,\"name\":\"Portada\",\"item\":\"https:\/\/parquetsytarimaskiko.com\/\"},{\"@type\":\"ListItem\",\"position\":2,\"name\":\"Quienes somos\"}]},{\"@type\":\"WebSite\",\"@id\":\"https:\/\/parquetsytarimaskiko.com\/#website\",\"url\":\"https:\/\/parquetsytarimaskiko.com\/\",\"name\":\"Parquets y Tarimas Kiko\",\"description\":\"\",\"publisher\":{\"@id\":\"https:\/\/parquetsytarimaskiko.com\/#organization\"},\"potentialAction\":[{\"@type\":\"SearchAction\",\"target\":{\"@type\":\"EntryPoint\",\"urlTemplate\":\"https:\/\/parquetsytarimaskiko.com\/?s={search_term_string}\"},\"query-input\":\"required name=search_term_string\"}],\"inLanguage\":\"es\"},{\"@type\":\"Organization\",\"@id\":\"https:\/\/parquetsytarimaskiko.com\/#organization\",\"name\":\"Parquets y Tarimas Kiko\",\"url\":\"https:\/\/parquetsytarimaskiko.com\/\",\"logo\":{\"@type\":\"ImageObject\",\"inLanguage\":\"es\",\"@id\":\"https:\/\/parquetsytarimaskiko.com\/#\/schema\/logo\/image\/\",\"url\":\"https:\/\/parquetsytarimaskiko.com\/wp-content\/uploads\/2024\/07\/Logo-basico.png\",\"contentUrl\":\"https:\/\/parquetsytarimaskiko.com\/wp-content\/uploads\/2024\/07\/Logo-basico.png\",\"width\":500,\"height\":500,\"caption\":\"Parquets y Tarimas Kiko\"},\"image\":{\"@id\":\"https:\/\/parquetsytarimaskiko.com\/#\/schema\/logo\/image\/\"}}]}<\/script>\n<!-- \/ Yoast SEO plugin. -->","yoast_head_json":{"title":"Quienes somos - Parquets y Tarimas Kiko","robots":{"index":"index","follow":"follow","max-snippet":"max-snippet:-1","max-image-preview":"max-image-preview:large","max-video-preview":"max-video-preview:-1"},"canonical":"https:\/\/parquetsytarimaskiko.com\/index.php\/quienes-somos\/","og_locale":"es_ES","og_type":"article","og_title":"Quienes somos - Parquets y Tarimas Kiko","og_description":"\u00bfQUI\u00c9NES SOMOS? Bienvenidos a Parquets y Tarimas Kiko, una empresa con 37 a\u00f1os de experiencia en la transformaci\u00f3n y embellecimiento de espacios a trav\u00e9s de suelos de madera de alta calidad. Desde nuestros inicios, nos hemos dedicado a ofrecer soluciones personalizadas y de excelencia, adapt\u00e1ndonos a las necesidades y deseos de cada cliente. A lo [&hellip;]","og_url":"https:\/\/parquetsytarimaskiko.com\/index.php\/quienes-somos\/","og_site_name":"Parquets y Tarimas Kiko","article_modified_time":"2024-07-15T13:56:05+00:00","twitter_card":"summary_large_image","twitter_misc":{"Tiempo de lectura":"1 minuto"},"schema":{"@context":"https:\/\/schema.org","@graph":[{"@type":"WebPage","@id":"https:\/\/parquetsytarimaskiko.com\/index.php\/quienes-somos\/","url":"https:\/\/parquetsytarimaskiko.com\/index.php\/quienes-somos\/","name":"Quienes somos - Parquets y Tarimas Kiko","isPartOf":{"@id":"https:\/\/parquetsytarimaskiko.com\/#website"},"datePublished":"2024-07-08T17:48:27+00:00","dateModified":"2024-07-15T13:56:05+00:00","breadcrumb":{"@id":"https:\/\/parquetsytarimaskiko.com\/index.php\/quienes-somos\/#breadcrumb"},"inLanguage":"es","potentialAction":[{"@type":"ReadAction","target":["https:\/\/parquetsytarimaskiko.com\/index.php\/quienes-somos\/"]}]},{"@type":"BreadcrumbList","@id":"https:\/\/parquetsytarimaskiko.com\/index.php\/quienes-somos\/#breadcrumb","itemListElement":[{"@type":"ListItem","position":1,"name":"Portada","item":"https:\/\/parquetsytarimaskiko.com\/"},{"@type":"ListItem","position":2,"name":"Quienes somos"}]},{"@type":"WebSite","@id":"https:\/\/parquetsytarimaskiko.com\/#website","url":"https:\/\/parquetsytarimaskiko.com\/","name":"Parquets y Tarimas Kiko","description":"","publisher":{"@id":"https:\/\/parquetsytarimaskiko.com\/#organization"},"potentialAction":[{"@type":"SearchAction","target":{"@type":"EntryPoint","urlTemplate":"https:\/\/parquetsytarimaskiko.com\/?s={search_term_string}"},"query-input":"required name=search_term_string"}],"inLanguage":"es"},{"@type":"Organization","@id":"https:\/\/parquetsytarimaskiko.com\/#organization","name":"Parquets y Tarimas Kiko","url":"https:\/\/parquetsytarimaskiko.com\/","logo":{"@type":"ImageObject","inLanguage":"es","@id":"https:\/\/parquetsytarimaskiko.com\/#\/schema\/logo\/image\/","url":"https:\/\/parquetsytarimaskiko.com\/wp-content\/uploads\/2024\/07\/Logo-basico.png","contentUrl":"https:\/\/parquetsytarimaskiko.com\/wp-content\/uploads\/2024\/07\/Logo-basico.png","width":500,"height":500,"caption":"Parquets y Tarimas Kiko"},"image":{"@id":"https:\/\/parquetsytarimaskiko.com\/#\/schema\/logo\/image\/"}}]}},"_links":{"self":[{"href":"https:\/\/parquetsytarimaskiko.com\/index.php\/wp-json\/wp\/v2\/pages\/843","targetHints":{"allow":["GET"]}}],"collection":[{"href":"https:\/\/parquetsytarimaskiko.com\/index.php\/wp-json\/wp\/v2\/pages"}],"about":[{"href":"https:\/\/parquetsytarimaskiko.com\/index.php\/wp-json\/wp\/v2\/types\/page"}],"author":[{"embeddable":true,"href":"https:\/\/parquetsytarimaskiko.com\/index.php\/wp-json\/wp\/v2\/users\/1"}],"replies":[{"embeddable":true,"href":"https:\/\/parquetsytarimaskiko.com\/index.php\/wp-json\/wp\/v2\/comments?post=843"}],"version-history":[{"count":10,"href":"https:\/\/parquetsytarimaskiko.com\/index.php\/wp-json\/wp\/v2\/pages\/843\/revisions"}],"predecessor-version":[{"id":977,"href":"https:\/\/parquetsytarimaskiko.com\/index.php\/wp-json\/wp\/v2\/pages\/843\/revisions\/977"}],"wp:attachment":[{"href":"https:\/\/parquetsytarimaskiko.com\/index.php\/wp-json\/wp\/v2\/media?parent=843"}],"curies":[{"name":"wp","href":"https:\/\/api.w.org\/{rel}","templated":true}]}}