{"id":939,"date":"2024-07-15T13:00:40","date_gmt":"2024-07-15T13:00:40","guid":{"rendered":"https:\/\/parquetsytarimaskiko.com\/?page_id=939"},"modified":"2024-07-15T13:04:37","modified_gmt":"2024-07-15T13:04:37","slug":"politica-de-cookies","status":"publish","type":"page","link":"https:\/\/parquetsytarimaskiko.com\/index.php\/politica-de-cookies\/","title":{"rendered":"Pol\u00edtica de cookies"},"content":{"rendered":"\t\t<div data-elementor-type=\"wp-page\" data-elementor-id=\"939\" class=\"elementor elementor-939\" data-elementor-post-type=\"page\">\n\t\t\t\t<div class=\"elementor-element elementor-element-cffaa2c e-flex e-con-boxed e-con e-parent\" data-id=\"cffaa2c\" data-element_type=\"container\">\n\t\t\t\t\t<div class=\"e-con-inner\">\n\t\t\t\t<div class=\"elementor-element elementor-element-d23b5fe elementor-widget elementor-widget-heading\" data-id=\"d23b5fe\" data-element_type=\"widget\" data-widget_type=\"heading.default\">\n\t\t\t\t<div class=\"elementor-widget-container\">\n\t\t\t<style>\/*! elementor - v3.22.0 - 26-06-2024 *\/\n.elementor-heading-title{padding:0;margin:0;line-height:1}.elementor-widget-heading .elementor-heading-title[class*=elementor-size-]>a{color:inherit;font-size:inherit;line-height:inherit}.elementor-widget-heading .elementor-heading-title.elementor-size-small{font-size:15px}.elementor-widget-heading .elementor-heading-title.elementor-size-medium{font-size:19px}.elementor-widget-heading .elementor-heading-title.elementor-size-large{font-size:29px}.elementor-widget-heading .elementor-heading-title.elementor-size-xl{font-size:39px}.elementor-widget-heading .elementor-heading-title.elementor-size-xxl{font-size:59px}<\/style><h2 class=\"elementor-heading-title elementor-size-default\">Pol\u00edtica de cookies<\/h2>\t\t<\/div>\n\t\t\t\t<\/div>\n\t\t\t\t<div class=\"elementor-element elementor-element-fc74685 elementor-widget elementor-widget-text-editor\" data-id=\"fc74685\" data-element_type=\"widget\" data-widget_type=\"text-editor.default\">\n\t\t\t\t<div class=\"elementor-widget-container\">\n\t\t\t<style>\/*! elementor - v3.22.0 - 26-06-2024 *\/\n.elementor-widget-text-editor.elementor-drop-cap-view-stacked .elementor-drop-cap{background-color:#69727d;color:#fff}.elementor-widget-text-editor.elementor-drop-cap-view-framed .elementor-drop-cap{color:#69727d;border:3px solid;background-color:transparent}.elementor-widget-text-editor:not(.elementor-drop-cap-view-default) .elementor-drop-cap{margin-top:8px}.elementor-widget-text-editor:not(.elementor-drop-cap-view-default) .elementor-drop-cap-letter{width:1em;height:1em}.elementor-widget-text-editor .elementor-drop-cap{float:left;text-align:center;line-height:1;font-size:50px}.elementor-widget-text-editor .elementor-drop-cap-letter{display:inline-block}<\/style>\t\t\t\t<p>En <strong>Parquets y Tarimas Kiko<\/strong>, utilizamos cookies para mejorar su experiencia en nuestra p\u00e1gina web, analizar el uso y rendimiento de la misma, y ofrecerle servicios personalizados. A continuaci\u00f3n, le explicamos qu\u00e9 son las cookies, qu\u00e9 tipos de cookies utilizamos y c\u00f3mo puede gestionarlas.<\/p><p><strong>\u00bfQu\u00e9 son las cookies?<\/strong><\/p><p>Las cookies son peque\u00f1os archivos de texto que se almacenan en su dispositivo cuando visita una p\u00e1gina web. Las cookies permiten que la p\u00e1gina web recuerde sus acciones y preferencias (como el idioma, el tama\u00f1o de la fuente y otras preferencias de visualizaci\u00f3n) durante un per\u00edodo de tiempo, por lo que no tiene que volver a configurarlas cada vez que regresa al sitio o navega de una p\u00e1gina a otra.<\/p><p>\u00a0<\/p><p><strong>Tipos de cookies que utilizamos<\/strong><\/p><ol><li><p><strong>Cookies Esenciales<\/strong>: Estas cookies son necesarias para el funcionamiento b\u00e1sico de nuestra p\u00e1gina web. Sin ellas, no podr\u00e1 utilizar algunas funcionalidades del sitio.<\/p><\/li><li><p><strong>Cookies de Rendimiento<\/strong>: Utilizamos estas cookies para recopilar informaci\u00f3n sobre c\u00f3mo los visitantes utilizan nuestro sitio web. Esta informaci\u00f3n se utiliza para mejorar el funcionamiento del sitio y proporcionar una mejor experiencia de usuario. Toda la informaci\u00f3n recopilada por estas cookies es an\u00f3nima.<\/p><\/li><li><p><strong>Cookies de Funcionalidad<\/strong>: Estas cookies permiten que la p\u00e1gina web recuerde sus elecciones (como su nombre de usuario, idioma o la regi\u00f3n en la que se encuentra) y proporcionan caracter\u00edsticas mejoradas y m\u00e1s personales.<\/p><\/li><li><p><strong>Cookies de Publicidad<\/strong>: Estas cookies se utilizan para mostrarle anuncios m\u00e1s relevantes para usted y sus intereses. Tambi\u00e9n se utilizan para limitar el n\u00famero de veces que ve un anuncio y para medir la eficacia de las campa\u00f1as publicitarias.<\/p><\/li><\/ol><div>\u00a0<\/div><p><strong>Gesti\u00f3n de Cookies<\/strong><\/p><p>Puede controlar y\/o eliminar las cookies como desee. Para m\u00e1s informaci\u00f3n, visite aboutcookies.org. Puede eliminar todas las cookies que ya est\u00e1n en su ordenador y configurar la mayor\u00eda de los navegadores para que no se almacenen cookies. Sin embargo, si lo hace, es posible que tenga que ajustar manualmente algunas preferencias cada vez que visite un sitio y algunos servicios y funcionalidades pueden no funcionar.<\/p><p>\u00a0<\/p><p><strong>C\u00f3mo desactivar las cookies en los navegadores m\u00e1s comunes<\/strong><\/p><ul><li><strong>Google Chrome<\/strong>: Vaya a Configuraci\u00f3n &gt; Privacidad y seguridad &gt; Configuraci\u00f3n de sitios web &gt; Cookies y datos de sitios.<\/li><li><strong>Mozilla Firefox<\/strong>: Vaya a Opciones &gt; Privacidad y seguridad &gt; Cookies y datos del sitio.<\/li><li><strong>Microsoft Edge<\/strong>: Vaya a Configuraci\u00f3n &gt; Privacidad, b\u00fasqueda y servicios &gt; Cookies y permisos de sitio.<\/li><li><strong>Safari<\/strong>: Vaya a Preferencias &gt; Privacidad &gt; Administrar datos del sitio web.<\/li><\/ul><div>\u00a0<\/div><div>\u00a0<\/div><p><strong>Cambios en la Pol\u00edtica de Cookies<\/strong><\/p><p>Nos reservamos el derecho de modificar esta pol\u00edtica de cookies en cualquier momento. Cualquier cambio en esta pol\u00edtica ser\u00e1 publicado en esta p\u00e1gina.<\/p><p>\u00a0<\/p><p><strong>Contacto<\/strong><\/p><p>Si tiene alguna pregunta sobre nuestra pol\u00edtica de cookies, puede contactarnos en [Correo Electr\u00f3nico] o en la direcci\u00f3n postal indicada en nuestra p\u00e1gina de contacto.<\/p>\t\t\t\t\t\t<\/div>\n\t\t\t\t<\/div>\n\t\t\t\t\t<\/div>\n\t\t\t\t<\/div>\n\t\t\t\t<\/div>\n\t\t","protected":false},"excerpt":{"rendered":"<p>Pol\u00edtica de cookies En Parquets y Tarimas Kiko, utilizamos cookies para mejorar su experiencia en nuestra p\u00e1gina web, analizar el uso y rendimiento de la misma, y ofrecerle servicios personalizados. A continuaci\u00f3n, le explicamos qu\u00e9 son las cookies, qu\u00e9 tipos de cookies utilizamos y c\u00f3mo puede gestionarlas. \u00bfQu\u00e9 son las cookies? Las cookies son peque\u00f1os [&hellip;]<\/p>\n","protected":false},"author":1,"featured_media":0,"parent":0,"menu_order":0,"comment_status":"closed","ping_status":"closed","template":"","meta":{"footnotes":""},"class_list":["post-939","page","type-page","status-publish","hentry"],"yoast_head":"<!-- This site is optimized with the Yoast SEO plugin v23.1 - https:\/\/yoast.com\/wordpress\/plugins\/seo\/ -->\n<title>Pol\u00edtica de cookies - Parquets y Tarimas Kiko<\/title>\n<meta name=\"robots\" content=\"index, follow, max-snippet:-1, max-image-preview:large, max-video-preview:-1\" \/>\n<link rel=\"canonical\" href=\"https:\/\/parquetsytarimaskiko.com\/index.php\/politica-de-cookies\/\" \/>\n<meta property=\"og:locale\" content=\"es_ES\" \/>\n<meta property=\"og:type\" content=\"article\" \/>\n<meta property=\"og:title\" content=\"Pol\u00edtica de cookies - Parquets y Tarimas Kiko\" \/>\n<meta property=\"og:description\" content=\"Pol\u00edtica de cookies En Parquets y Tarimas Kiko, utilizamos cookies para mejorar su experiencia en nuestra p\u00e1gina web, analizar el uso y rendimiento de la misma, y ofrecerle servicios personalizados. A continuaci\u00f3n, le explicamos qu\u00e9 son las cookies, qu\u00e9 tipos de cookies utilizamos y c\u00f3mo puede gestionarlas. \u00bfQu\u00e9 son las cookies? Las cookies son peque\u00f1os [&hellip;]\" \/>\n<meta property=\"og:url\" content=\"https:\/\/parquetsytarimaskiko.com\/index.php\/politica-de-cookies\/\" \/>\n<meta property=\"og:site_name\" content=\"Parquets y Tarimas Kiko\" \/>\n<meta property=\"article:modified_time\" content=\"2024-07-15T13:04:37+00:00\" \/>\n<meta name=\"twitter:card\" content=\"summary_large_image\" \/>\n<meta name=\"twitter:label1\" content=\"Tiempo de lectura\" \/>\n\t<meta name=\"twitter:data1\" content=\"3 minutos\" \/>\n<script type=\"application\/ld+json\" class=\"yoast-schema-graph\">{\"@context\":\"https:\/\/schema.org\",\"@graph\":[{\"@type\":\"WebPage\",\"@id\":\"https:\/\/parquetsytarimaskiko.com\/index.php\/politica-de-cookies\/\",\"url\":\"https:\/\/parquetsytarimaskiko.com\/index.php\/politica-de-cookies\/\",\"name\":\"Pol\u00edtica de cookies - Parquets y Tarimas Kiko\",\"isPartOf\":{\"@id\":\"https:\/\/parquetsytarimaskiko.com\/#website\"},\"datePublished\":\"2024-07-15T13:00:40+00:00\",\"dateModified\":\"2024-07-15T13:04:37+00:00\",\"breadcrumb\":{\"@id\":\"https:\/\/parquetsytarimaskiko.com\/index.php\/politica-de-cookies\/#breadcrumb\"},\"inLanguage\":\"es\",\"potentialAction\":[{\"@type\":\"ReadAction\",\"target\":[\"https:\/\/parquetsytarimaskiko.com\/index.php\/politica-de-cookies\/\"]}]},{\"@type\":\"BreadcrumbList\",\"@id\":\"https:\/\/parquetsytarimaskiko.com\/index.php\/politica-de-cookies\/#breadcrumb\",\"itemListElement\":[{\"@type\":\"ListItem\",\"position\":1,\"name\":\"Portada\",\"item\":\"https:\/\/parquetsytarimaskiko.com\/\"},{\"@type\":\"ListItem\",\"position\":2,\"name\":\"Pol\u00edtica de cookies\"}]},{\"@type\":\"WebSite\",\"@id\":\"https:\/\/parquetsytarimaskiko.com\/#website\",\"url\":\"https:\/\/parquetsytarimaskiko.com\/\",\"name\":\"Parquets y Tarimas Kiko\",\"description\":\"\",\"publisher\":{\"@id\":\"https:\/\/parquetsytarimaskiko.com\/#organization\"},\"potentialAction\":[{\"@type\":\"SearchAction\",\"target\":{\"@type\":\"EntryPoint\",\"urlTemplate\":\"https:\/\/parquetsytarimaskiko.com\/?s={search_term_string}\"},\"query-input\":\"required name=search_term_string\"}],\"inLanguage\":\"es\"},{\"@type\":\"Organization\",\"@id\":\"https:\/\/parquetsytarimaskiko.com\/#organization\",\"name\":\"Parquets y Tarimas Kiko\",\"url\":\"https:\/\/parquetsytarimaskiko.com\/\",\"logo\":{\"@type\":\"ImageObject\",\"inLanguage\":\"es\",\"@id\":\"https:\/\/parquetsytarimaskiko.com\/#\/schema\/logo\/image\/\",\"url\":\"https:\/\/parquetsytarimaskiko.com\/wp-content\/uploads\/2024\/07\/Logo-basico.png\",\"contentUrl\":\"https:\/\/parquetsytarimaskiko.com\/wp-content\/uploads\/2024\/07\/Logo-basico.png\",\"width\":500,\"height\":500,\"caption\":\"Parquets y Tarimas Kiko\"},\"image\":{\"@id\":\"https:\/\/parquetsytarimaskiko.com\/#\/schema\/logo\/image\/\"}}]}<\/script>\n<!-- \/ Yoast SEO plugin. -->","yoast_head_json":{"title":"Pol\u00edtica de cookies - Parquets y Tarimas Kiko","robots":{"index":"index","follow":"follow","max-snippet":"max-snippet:-1","max-image-preview":"max-image-preview:large","max-video-preview":"max-video-preview:-1"},"canonical":"https:\/\/parquetsytarimaskiko.com\/index.php\/politica-de-cookies\/","og_locale":"es_ES","og_type":"article","og_title":"Pol\u00edtica de cookies - Parquets y Tarimas Kiko","og_description":"Pol\u00edtica de cookies En Parquets y Tarimas Kiko, utilizamos cookies para mejorar su experiencia en nuestra p\u00e1gina web, analizar el uso y rendimiento de la misma, y ofrecerle servicios personalizados. A continuaci\u00f3n, le explicamos qu\u00e9 son las cookies, qu\u00e9 tipos de cookies utilizamos y c\u00f3mo puede gestionarlas. \u00bfQu\u00e9 son las cookies? Las cookies son peque\u00f1os [&hellip;]","og_url":"https:\/\/parquetsytarimaskiko.com\/index.php\/politica-de-cookies\/","og_site_name":"Parquets y Tarimas Kiko","article_modified_time":"2024-07-15T13:04:37+00:00","twitter_card":"summary_large_image","twitter_misc":{"Tiempo de lectura":"3 minutos"},"schema":{"@context":"https:\/\/schema.org","@graph":[{"@type":"WebPage","@id":"https:\/\/parquetsytarimaskiko.com\/index.php\/politica-de-cookies\/","url":"https:\/\/parquetsytarimaskiko.com\/index.php\/politica-de-cookies\/","name":"Pol\u00edtica de cookies - Parquets y Tarimas Kiko","isPartOf":{"@id":"https:\/\/parquetsytarimaskiko.com\/#website"},"datePublished":"2024-07-15T13:00:40+00:00","dateModified":"2024-07-15T13:04:37+00:00","breadcrumb":{"@id":"https:\/\/parquetsytarimaskiko.com\/index.php\/politica-de-cookies\/#breadcrumb"},"inLanguage":"es","potentialAction":[{"@type":"ReadAction","target":["https:\/\/parquetsytarimaskiko.com\/index.php\/politica-de-cookies\/"]}]},{"@type":"BreadcrumbList","@id":"https:\/\/parquetsytarimaskiko.com\/index.php\/politica-de-cookies\/#breadcrumb","itemListElement":[{"@type":"ListItem","position":1,"name":"Portada","item":"https:\/\/parquetsytarimaskiko.com\/"},{"@type":"ListItem","position":2,"name":"Pol\u00edtica de cookies"}]},{"@type":"WebSite","@id":"https:\/\/parquetsytarimaskiko.com\/#website","url":"https:\/\/parquetsytarimaskiko.com\/","name":"Parquets y Tarimas Kiko","description":"","publisher":{"@id":"https:\/\/parquetsytarimaskiko.com\/#organization"},"potentialAction":[{"@type":"SearchAction","target":{"@type":"EntryPoint","urlTemplate":"https:\/\/parquetsytarimaskiko.com\/?s={search_term_string}"},"query-input":"required name=search_term_string"}],"inLanguage":"es"},{"@type":"Organization","@id":"https:\/\/parquetsytarimaskiko.com\/#organization","name":"Parquets y Tarimas Kiko","url":"https:\/\/parquetsytarimaskiko.com\/","logo":{"@type":"ImageObject","inLanguage":"es","@id":"https:\/\/parquetsytarimaskiko.com\/#\/schema\/logo\/image\/","url":"https:\/\/parquetsytarimaskiko.com\/wp-content\/uploads\/2024\/07\/Logo-basico.png","contentUrl":"https:\/\/parquetsytarimaskiko.com\/wp-content\/uploads\/2024\/07\/Logo-basico.png","width":500,"height":500,"caption":"Parquets y Tarimas Kiko"},"image":{"@id":"https:\/\/parquetsytarimaskiko.com\/#\/schema\/logo\/image\/"}}]}},"_links":{"self":[{"href":"https:\/\/parquetsytarimaskiko.com\/index.php\/wp-json\/wp\/v2\/pages\/939","targetHints":{"allow":["GET"]}}],"collection":[{"href":"https:\/\/parquetsytarimaskiko.com\/index.php\/wp-json\/wp\/v2\/pages"}],"about":[{"href":"https:\/\/parquetsytarimaskiko.com\/index.php\/wp-json\/wp\/v2\/types\/page"}],"author":[{"embeddable":true,"href":"https:\/\/parquetsytarimaskiko.com\/index.php\/wp-json\/wp\/v2\/users\/1"}],"replies":[{"embeddable":true,"href":"https:\/\/parquetsytarimaskiko.com\/index.php\/wp-json\/wp\/v2\/comments?post=939"}],"version-history":[{"count":5,"href":"https:\/\/parquetsytarimaskiko.com\/index.php\/wp-json\/wp\/v2\/pages\/939\/revisions"}],"predecessor-version":[{"id":947,"href":"https:\/\/parquetsytarimaskiko.com\/index.php\/wp-json\/wp\/v2\/pages\/939\/revisions\/947"}],"wp:attachment":[{"href":"https:\/\/parquetsytarimaskiko.com\/index.php\/wp-json\/wp\/v2\/media?parent=939"}],"curies":[{"name":"wp","href":"https:\/\/api.w.org\/{rel}","templated":true}]}}